{"id":5232,"date":"2022-05-27T16:01:27","date_gmt":"2022-05-27T14:01:27","guid":{"rendered":"https:\/\/emotra.se\/?page_id=5232"},"modified":"2022-05-27T16:08:11","modified_gmt":"2022-05-27T14:08:11","slug":"produkten","status":"publish","type":"page","link":"https:\/\/emotra.se\/sv\/produkten\/","title":{"rendered":"Produkten"},"content":{"rendered":"<p>[et_pb_section fb_built=&#8221;1&#8243; _builder_version=&#8221;4.14.7&#8243; _module_preset=&#8221;default&#8221; background_color=&#8221;rgba(51,51,51,0.35)&#8221; background_image=&#8221;https:\/\/emotra.se\/wp-content\/uploads\/2022\/05\/iStock-514112772_webb.jpg&#8221; background_blend=&#8221;multiply&#8221; height=&#8221;290px&#8221; height_tablet=&#8221;&#8221; height_phone=&#8221;&#8221; height_last_edited=&#8221;on|phone&#8221; hover_enabled=&#8221;0&#8243; global_colors_info=&#8221;{}&#8221; title_text=&#8221;Committed to comfort and care&#8221; sticky_enabled=&#8221;0&#8243;][\/et_pb_section][et_pb_section fb_built=&#8221;1&#8243; custom_padding_last_edited=&#8221;on|phone&#8221; _builder_version=&#8221;4.9.0&#8243; _module_preset=&#8221;default&#8221; custom_padding=&#8221;100px||120px||false|false&#8221; custom_padding_tablet=&#8221;50px||70px||false|false&#8221; custom_padding_phone=&#8221;30px||50px||false|false&#8221; global_colors_info=&#8221;{}&#8221;][et_pb_row _builder_version=&#8221;4.14.7&#8243; _module_preset=&#8221;default&#8221; global_colors_info=&#8221;{}&#8221;][et_pb_column type=&#8221;4_4&#8243; _builder_version=&#8221;4.14.7&#8243; _module_preset=&#8221;default&#8221; global_colors_info=&#8221;{}&#8221;][et_pb_text _builder_version=&#8221;4.14.7&#8243; _dynamic_attributes=&#8221;content&#8221; _module_preset=&#8221;default&#8221; global_colors_info=&#8221;{}&#8221;]@ET-DC@eyJkeW5hbWljIjp0cnVlLCJjb250ZW50IjoicG9zdF90aXRsZSIsInNldHRpbmdzIjp7ImJlZm9yZSI6IjxoMj4iLCJhZnRlciI6IjwvaDI+In19@[\/et_pb_text][et_pb_text _builder_version=&#8221;4.14.7&#8243; _module_preset=&#8221;default&#8221; global_colors_info=&#8221;{}&#8221;]<\/p>\n<p>Den h\u00e4r sidan har ingen svensk \u00f6vers\u00e4ttning \u00e4nnu. G\u00e5 till <a href=\"https:\/\/emotra.se\/product\/\">Product<\/a> f\u00f6r att se sidan p\u00e5 engelska.<\/p>\n<p>[\/et_pb_text][\/et_pb_column][\/et_pb_row][\/et_pb_section]<\/p>\n","protected":false},"excerpt":{"rendered":"<p>Den h\u00e4r sidan har ingen svensk \u00f6vers\u00e4ttning \u00e4nnu. G\u00e5 till Product f\u00f6r att se sidan p\u00e5 engelska.<\/p>\n","protected":false},"author":2,"featured_media":0,"parent":0,"menu_order":0,"comment_status":"closed","ping_status":"closed","template":"","meta":{"_acf_changed":false,"_et_pb_use_builder":"on","_et_pb_old_content":"<p>[et_pb_section fb_built=\"1\" _builder_version=\"4.7.4\" _module_preset=\"default\" background_color=\"rgba(51,51,51,0.35)\" background_image=\"https:\/\/emotra.se\/wp-content\/uploads\/2020\/11\/iStock-514112772_webb.jpg\" background_blend=\"multiply\" height=\"290px\" height_tablet=\"\" height_phone=\"\" height_last_edited=\"on|phone\"][\/et_pb_section][et_pb_section fb_built=\"1\" custom_padding_last_edited=\"on|phone\" _builder_version=\"4.9.0\" _module_preset=\"default\" custom_padding=\"100px||120px||false|false\" custom_padding_tablet=\"50px||70px||false|false\" custom_padding_phone=\"30px||50px||false|false\"][et_pb_row column_structure=\"1_2,1_2\" _builder_version=\"4.9.0\" _module_preset=\"default\" custom_margin=\"|auto|60px|auto||\" custom_margin_tablet=\"|auto|0px|auto|false|false\" custom_margin_phone=\"||0px||false|false\" custom_margin_last_edited=\"on|phone\"][et_pb_column type=\"1_2\" _builder_version=\"4.7.4\" _module_preset=\"default\"][et_pb_text _builder_version=\"4.9.0\" _module_preset=\"default\" custom_padding_tablet=\"||50px||false|false\" custom_padding_phone=\"||30px||false|false\" custom_padding_last_edited=\"on|phone\"]<\/p><h2>The EDOR method<\/h2><p>EDOR stands for Electro Dermal Orienting Reactivity and is a test based on analysis of the presence or absence of the vital specific orienting reactions to repeated neutral audio stimuli. Individuals showing rapid habituation to the tone sequence are identified as hyporeactive.<\/p><p>The mechanisms of hyporeactivity are unknown, however it is known that specific orienting reactions originate in hippocampus. This is a structure responsible for memory, spatial organisation, sorting and learning. With its high density of glucocorticoid receptors, it is sensitive to physiological stress resulting in impaired neuronal plasticity and atrophy. In this respect, EDOR tests reveal damages to a basic cognitive process that can be impaired by long-term stress.<\/p><p><a title=\"PDF: Orienting responses\" href=\"https:\/\/emotra.se\/wp-content\/uploads\/2020\/12\/Orienting-responses-EDOR_final.pdf\" target=\"_blank\" rel=\"attachment wp-att-226 noopener noreferrer\"><strong>PDF: Orienting responses<\/strong><\/a><\/p><p>[\/et_pb_text][\/et_pb_column][et_pb_column type=\"1_2\" _builder_version=\"4.7.4\" _module_preset=\"default\"][et_pb_image src=\"https:\/\/emotra.se\/wp-content\/uploads\/2020\/12\/Complete_web.png\" title_text=\"The EDOR method\" show_in_lightbox=\"on\" _builder_version=\"4.7.4\" _module_preset=\"default\"][\/et_pb_image][\/et_pb_column][\/et_pb_row][et_pb_row column_structure=\"1_2,1_2\" _builder_version=\"4.9.0\" _module_preset=\"default\" custom_margin=\"|auto|60px|auto||\" custom_margin_tablet=\"|auto|0px|auto|false|false\" custom_margin_phone=\"\" custom_margin_last_edited=\"on|phone\"][et_pb_column type=\"1_2\" _builder_version=\"4.7.4\" _module_preset=\"default\"][et_pb_image src=\"https:\/\/emotra.se\/wp-content\/uploads\/2020\/12\/graf.png\" title_text=\"Novel method with a sound scientific background\" show_in_lightbox=\"on\" _builder_version=\"4.9.0\" _module_preset=\"default\" custom_padding_tablet=\"||50px||false|false\" custom_padding_phone=\"||30px||false|false\" custom_padding_last_edited=\"on|phone\"][\/et_pb_image][\/et_pb_column][et_pb_column type=\"1_2\" _builder_version=\"4.7.4\" _module_preset=\"default\"][et_pb_text _builder_version=\"4.9.4\" _module_preset=\"default\" hover_enabled=\"0\" sticky_enabled=\"0\"]<\/p><h2>Novel method with a sound scientific background<\/h2><p>Electrodermal activity has been used in psychophysiological research for more than 100 years, but the discovery of the significance of hyporeactivity in depressed patients was first made by Lars-H\u00e5kan Thorell in the mid-80s. Since then, several research studies have deepened the understanding and added to the clinical knowledgebase that led to the development of the EDOR-Test.<\/p><p>Hyporeactivity in depression is a state associated with increased risks and a more challenging course of the illness. This makes it an excellent biological information forming as a basis for both short and long-term decisions on treatment and follow-up. However, more information is now emerging as new research is added.<\/p><p><strong><a href=\"http:\/\/www.psychiatriapolska.pl\/uploads\/images\/PP_6_2020\/ENGver1137WincewiczCichecka_PsychiatrPol2020v54i6.pdf\" target=\"_blank\" rel=\"attachment noopener wp-att-230\">PDF: Scientific background for the EDOR test<\/a><\/strong><\/p><p>\u00a0<\/p><p>[\/et_pb_text][\/et_pb_column][\/et_pb_row][et_pb_row column_structure=\"1_2,1_2\" _builder_version=\"4.7.4\" _module_preset=\"default\" custom_margin=\"|auto|50px|auto||\"][et_pb_column type=\"1_2\" _builder_version=\"4.7.4\" _module_preset=\"default\"][et_pb_text _builder_version=\"4.7.4\" _module_preset=\"default\"]<\/p><h2>EDOR System and products<\/h2><p>The EDOR Test is a CE-Marked medical device consisting of three main parts: the EDOR\u00ae Box connected to a pair of calibrated noise cancelling headphones, and a computer connected to the Emotra Cloud. The EDOR box generates a standardised tone sequence to the headphones and read biometric data from the patient. Data is then transferred to the computer, connected to the Emotra Cloud where data is controlled, analysed and reported back to the clinic.<\/p><p>The equipment is battery powered, making it portable to use in different wards, clinics and bedside testing. Total time required is 25 minutes and does not require a dedicated laboratory or research facility.<\/p><p>[\/et_pb_text][\/et_pb_column][et_pb_column type=\"1_2\" _builder_version=\"4.7.4\" _module_preset=\"default\"][et_pb_image src=\"https:\/\/emotra.se\/wp-content\/uploads\/2020\/12\/Emotra_15_LR_web.jpg\" title_text=\" EDOR System and products\" show_in_lightbox=\"on\" _builder_version=\"4.7.4\" _module_preset=\"default\"][\/et_pb_image][\/et_pb_column][\/et_pb_row][\/et_pb_section]<\/p>","_et_gb_content_width":"","footnotes":""},"acf":[],"yoast_head":"<!-- This site is optimized with the Yoast SEO plugin v22.2 - https:\/\/yoast.com\/wordpress\/plugins\/seo\/ -->\n<title>Produkten - Emotra<\/title>\n<meta name=\"robots\" content=\"index, follow, max-snippet:-1, max-image-preview:large, max-video-preview:-1\" \/>\n<link rel=\"canonical\" href=\"https:\/\/emotra.se\/sv\/produkten\/\" \/>\n<meta property=\"og:locale\" content=\"sv_SE\" \/>\n<meta property=\"og:type\" content=\"article\" \/>\n<meta property=\"og:title\" content=\"Produkten - Emotra\" \/>\n<meta property=\"og:description\" content=\"Den h\u00e4r sidan har ingen svensk \u00f6vers\u00e4ttning \u00e4nnu. G\u00e5 till Product f\u00f6r att se sidan p\u00e5 engelska.\" \/>\n<meta property=\"og:url\" content=\"https:\/\/emotra.se\/sv\/produkten\/\" \/>\n<meta property=\"og:site_name\" content=\"Emotra\" \/>\n<meta property=\"article:modified_time\" content=\"2022-05-27T14:08:11+00:00\" \/>\n<meta name=\"twitter:card\" content=\"summary_large_image\" \/>\n<meta name=\"twitter:label1\" content=\"Ber\u00e4knad l\u00e4stid\" \/>\n\t<meta name=\"twitter:data1\" content=\"1 minut\" \/>\n<script type=\"application\/ld+json\" class=\"yoast-schema-graph\">{\"@context\":\"https:\/\/schema.org\",\"@graph\":[{\"@type\":\"WebPage\",\"@id\":\"https:\/\/emotra.se\/sv\/produkten\/\",\"url\":\"https:\/\/emotra.se\/sv\/produkten\/\",\"name\":\"Produkten - Emotra\",\"isPartOf\":{\"@id\":\"https:\/\/emotra.se\/sv\/#website\"},\"datePublished\":\"2022-05-27T14:01:27+00:00\",\"dateModified\":\"2022-05-27T14:08:11+00:00\",\"breadcrumb\":{\"@id\":\"https:\/\/emotra.se\/sv\/produkten\/#breadcrumb\"},\"inLanguage\":\"sv-SE\",\"potentialAction\":[{\"@type\":\"ReadAction\",\"target\":[\"https:\/\/emotra.se\/sv\/produkten\/\"]}]},{\"@type\":\"BreadcrumbList\",\"@id\":\"https:\/\/emotra.se\/sv\/produkten\/#breadcrumb\",\"itemListElement\":[{\"@type\":\"ListItem\",\"position\":1,\"name\":\"Home\",\"item\":\"https:\/\/emotra.se\/sv\/\"},{\"@type\":\"ListItem\",\"position\":2,\"name\":\"Produkten\"}]},{\"@type\":\"WebSite\",\"@id\":\"https:\/\/emotra.se\/sv\/#website\",\"url\":\"https:\/\/emotra.se\/sv\/\",\"name\":\"Emotra\",\"description\":\"\",\"potentialAction\":[{\"@type\":\"SearchAction\",\"target\":{\"@type\":\"EntryPoint\",\"urlTemplate\":\"https:\/\/emotra.se\/sv\/?s={search_term_string}\"},\"query-input\":\"required name=search_term_string\"}],\"inLanguage\":\"sv-SE\"}]}<\/script>\n<!-- \/ Yoast SEO plugin. -->","yoast_head_json":{"title":"Produkten - Emotra","robots":{"index":"index","follow":"follow","max-snippet":"max-snippet:-1","max-image-preview":"max-image-preview:large","max-video-preview":"max-video-preview:-1"},"canonical":"https:\/\/emotra.se\/sv\/produkten\/","og_locale":"sv_SE","og_type":"article","og_title":"Produkten - Emotra","og_description":"Den h\u00e4r sidan har ingen svensk \u00f6vers\u00e4ttning \u00e4nnu. G\u00e5 till Product f\u00f6r att se sidan p\u00e5 engelska.","og_url":"https:\/\/emotra.se\/sv\/produkten\/","og_site_name":"Emotra","article_modified_time":"2022-05-27T14:08:11+00:00","twitter_card":"summary_large_image","twitter_misc":{"Ber\u00e4knad l\u00e4stid":"1 minut"},"schema":{"@context":"https:\/\/schema.org","@graph":[{"@type":"WebPage","@id":"https:\/\/emotra.se\/sv\/produkten\/","url":"https:\/\/emotra.se\/sv\/produkten\/","name":"Produkten - Emotra","isPartOf":{"@id":"https:\/\/emotra.se\/sv\/#website"},"datePublished":"2022-05-27T14:01:27+00:00","dateModified":"2022-05-27T14:08:11+00:00","breadcrumb":{"@id":"https:\/\/emotra.se\/sv\/produkten\/#breadcrumb"},"inLanguage":"sv-SE","potentialAction":[{"@type":"ReadAction","target":["https:\/\/emotra.se\/sv\/produkten\/"]}]},{"@type":"BreadcrumbList","@id":"https:\/\/emotra.se\/sv\/produkten\/#breadcrumb","itemListElement":[{"@type":"ListItem","position":1,"name":"Home","item":"https:\/\/emotra.se\/sv\/"},{"@type":"ListItem","position":2,"name":"Produkten"}]},{"@type":"WebSite","@id":"https:\/\/emotra.se\/sv\/#website","url":"https:\/\/emotra.se\/sv\/","name":"Emotra","description":"","potentialAction":[{"@type":"SearchAction","target":{"@type":"EntryPoint","urlTemplate":"https:\/\/emotra.se\/sv\/?s={search_term_string}"},"query-input":"required name=search_term_string"}],"inLanguage":"sv-SE"}]}},"_links":{"self":[{"href":"https:\/\/emotra.se\/sv\/wp-json\/wp\/v2\/pages\/5232"}],"collection":[{"href":"https:\/\/emotra.se\/sv\/wp-json\/wp\/v2\/pages"}],"about":[{"href":"https:\/\/emotra.se\/sv\/wp-json\/wp\/v2\/types\/page"}],"author":[{"embeddable":true,"href":"https:\/\/emotra.se\/sv\/wp-json\/wp\/v2\/users\/2"}],"replies":[{"embeddable":true,"href":"https:\/\/emotra.se\/sv\/wp-json\/wp\/v2\/comments?post=5232"}],"version-history":[{"count":5,"href":"https:\/\/emotra.se\/sv\/wp-json\/wp\/v2\/pages\/5232\/revisions"}],"predecessor-version":[{"id":5241,"href":"https:\/\/emotra.se\/sv\/wp-json\/wp\/v2\/pages\/5232\/revisions\/5241"}],"wp:attachment":[{"href":"https:\/\/emotra.se\/sv\/wp-json\/wp\/v2\/media?parent=5232"}],"curies":[{"name":"wp","href":"https:\/\/api.w.org\/{rel}","templated":true}]}}