{"id":5201,"date":"2022-05-27T15:26:36","date_gmt":"2022-05-27T13:26:36","guid":{"rendered":"https:\/\/emotra.se\/?page_id=5201"},"modified":"2025-11-12T14:31:24","modified_gmt":"2025-11-12T13:31:24","slug":"styrelse-och-ledning","status":"publish","type":"page","link":"https:\/\/emotra.se\/sv\/styrelse-och-ledning\/","title":{"rendered":"Styrelse och ledning"},"content":{"rendered":"<p>Den h\u00e4r sidan har ingen svensk \u00f6vers\u00e4ttning \u00e4nnu. G\u00e5 till <a href=\"https:\/\/emotra.se\/board-and-management\/\">Board and management<\/a> f\u00f6r att se sidan p\u00e5 engelska.<\/p>\n","protected":false},"excerpt":{"rendered":"<p>Den h\u00e4r sidan har ingen svensk \u00f6vers\u00e4ttning \u00e4nnu. G\u00e5 till Board and management f\u00f6r att se sidan p\u00e5 engelska.<\/p>\n","protected":false},"author":2,"featured_media":0,"parent":0,"menu_order":0,"comment_status":"closed","ping_status":"closed","template":"","meta":{"_acf_changed":false,"_et_pb_use_builder":"off","_et_pb_old_content":"","_et_gb_content_width":"","footnotes":""},"acf":[],"yoast_head":"<!-- This site is optimized with the Yoast SEO plugin v22.2 - https:\/\/yoast.com\/wordpress\/plugins\/seo\/ -->\n<title>Styrelse och ledning - Emotra<\/title>\n<meta name=\"robots\" content=\"index, follow, max-snippet:-1, max-image-preview:large, max-video-preview:-1\" \/>\n<link rel=\"canonical\" href=\"https:\/\/emotra.se\/sv\/styrelse-och-ledning\/\" \/>\n<meta property=\"og:locale\" content=\"sv_SE\" \/>\n<meta property=\"og:type\" content=\"article\" \/>\n<meta property=\"og:title\" content=\"Styrelse och ledning - Emotra\" \/>\n<meta property=\"og:description\" content=\"Den h\u00e4r sidan har ingen svensk \u00f6vers\u00e4ttning \u00e4nnu. G\u00e5 till Board and management f\u00f6r att se sidan p\u00e5 engelska.\" \/>\n<meta property=\"og:url\" content=\"https:\/\/emotra.se\/sv\/styrelse-och-ledning\/\" \/>\n<meta property=\"og:site_name\" content=\"Emotra\" \/>\n<meta property=\"article:modified_time\" content=\"2025-11-12T13:31:24+00:00\" \/>\n<meta name=\"twitter:card\" content=\"summary_large_image\" \/>\n<meta name=\"twitter:label1\" content=\"Ber\u00e4knad l\u00e4stid\" \/>\n\t<meta name=\"twitter:data1\" content=\"1 minut\" \/>\n<script type=\"application\/ld+json\" class=\"yoast-schema-graph\">{\"@context\":\"https:\/\/schema.org\",\"@graph\":[{\"@type\":\"WebPage\",\"@id\":\"https:\/\/emotra.se\/sv\/styrelse-och-ledning\/\",\"url\":\"https:\/\/emotra.se\/sv\/styrelse-och-ledning\/\",\"name\":\"Styrelse och ledning - Emotra\",\"isPartOf\":{\"@id\":\"https:\/\/emotra.se\/sv\/#website\"},\"datePublished\":\"2022-05-27T13:26:36+00:00\",\"dateModified\":\"2025-11-12T13:31:24+00:00\",\"breadcrumb\":{\"@id\":\"https:\/\/emotra.se\/sv\/styrelse-och-ledning\/#breadcrumb\"},\"inLanguage\":\"sv-SE\",\"potentialAction\":[{\"@type\":\"ReadAction\",\"target\":[\"https:\/\/emotra.se\/sv\/styrelse-och-ledning\/\"]}]},{\"@type\":\"BreadcrumbList\",\"@id\":\"https:\/\/emotra.se\/sv\/styrelse-och-ledning\/#breadcrumb\",\"itemListElement\":[{\"@type\":\"ListItem\",\"position\":1,\"name\":\"Home\",\"item\":\"https:\/\/emotra.se\/sv\/\"},{\"@type\":\"ListItem\",\"position\":2,\"name\":\"Styrelse och ledning\"}]},{\"@type\":\"WebSite\",\"@id\":\"https:\/\/emotra.se\/sv\/#website\",\"url\":\"https:\/\/emotra.se\/sv\/\",\"name\":\"Emotra\",\"description\":\"\",\"potentialAction\":[{\"@type\":\"SearchAction\",\"target\":{\"@type\":\"EntryPoint\",\"urlTemplate\":\"https:\/\/emotra.se\/sv\/?s={search_term_string}\"},\"query-input\":\"required name=search_term_string\"}],\"inLanguage\":\"sv-SE\"}]}<\/script>\n<!-- \/ Yoast SEO plugin. -->","yoast_head_json":{"title":"Styrelse och ledning - Emotra","robots":{"index":"index","follow":"follow","max-snippet":"max-snippet:-1","max-image-preview":"max-image-preview:large","max-video-preview":"max-video-preview:-1"},"canonical":"https:\/\/emotra.se\/sv\/styrelse-och-ledning\/","og_locale":"sv_SE","og_type":"article","og_title":"Styrelse och ledning - Emotra","og_description":"Den h\u00e4r sidan har ingen svensk \u00f6vers\u00e4ttning \u00e4nnu. G\u00e5 till Board and management f\u00f6r att se sidan p\u00e5 engelska.","og_url":"https:\/\/emotra.se\/sv\/styrelse-och-ledning\/","og_site_name":"Emotra","article_modified_time":"2025-11-12T13:31:24+00:00","twitter_card":"summary_large_image","twitter_misc":{"Ber\u00e4knad l\u00e4stid":"1 minut"},"schema":{"@context":"https:\/\/schema.org","@graph":[{"@type":"WebPage","@id":"https:\/\/emotra.se\/sv\/styrelse-och-ledning\/","url":"https:\/\/emotra.se\/sv\/styrelse-och-ledning\/","name":"Styrelse och ledning - Emotra","isPartOf":{"@id":"https:\/\/emotra.se\/sv\/#website"},"datePublished":"2022-05-27T13:26:36+00:00","dateModified":"2025-11-12T13:31:24+00:00","breadcrumb":{"@id":"https:\/\/emotra.se\/sv\/styrelse-och-ledning\/#breadcrumb"},"inLanguage":"sv-SE","potentialAction":[{"@type":"ReadAction","target":["https:\/\/emotra.se\/sv\/styrelse-och-ledning\/"]}]},{"@type":"BreadcrumbList","@id":"https:\/\/emotra.se\/sv\/styrelse-och-ledning\/#breadcrumb","itemListElement":[{"@type":"ListItem","position":1,"name":"Home","item":"https:\/\/emotra.se\/sv\/"},{"@type":"ListItem","position":2,"name":"Styrelse och ledning"}]},{"@type":"WebSite","@id":"https:\/\/emotra.se\/sv\/#website","url":"https:\/\/emotra.se\/sv\/","name":"Emotra","description":"","potentialAction":[{"@type":"SearchAction","target":{"@type":"EntryPoint","urlTemplate":"https:\/\/emotra.se\/sv\/?s={search_term_string}"},"query-input":"required name=search_term_string"}],"inLanguage":"sv-SE"}]}},"_links":{"self":[{"href":"https:\/\/emotra.se\/sv\/wp-json\/wp\/v2\/pages\/5201"}],"collection":[{"href":"https:\/\/emotra.se\/sv\/wp-json\/wp\/v2\/pages"}],"about":[{"href":"https:\/\/emotra.se\/sv\/wp-json\/wp\/v2\/types\/page"}],"author":[{"embeddable":true,"href":"https:\/\/emotra.se\/sv\/wp-json\/wp\/v2\/users\/2"}],"replies":[{"embeddable":true,"href":"https:\/\/emotra.se\/sv\/wp-json\/wp\/v2\/comments?post=5201"}],"version-history":[{"count":22,"href":"https:\/\/emotra.se\/sv\/wp-json\/wp\/v2\/pages\/5201\/revisions"}],"predecessor-version":[{"id":5846,"href":"https:\/\/emotra.se\/sv\/wp-json\/wp\/v2\/pages\/5201\/revisions\/5846"}],"wp:attachment":[{"href":"https:\/\/emotra.se\/sv\/wp-json\/wp\/v2\/media?parent=5201"}],"curies":[{"name":"wp","href":"https:\/\/api.w.org\/{rel}","templated":true}]}}