{"id":3396,"date":"2021-01-22T11:20:41","date_gmt":"2021-01-22T10:20:41","guid":{"rendered":"https:\/\/emotra.lmimproveit.biz\/bolagsstammor\/"},"modified":"2025-11-25T14:37:04","modified_gmt":"2025-11-25T13:37:04","slug":"bolagsstammor","status":"publish","type":"page","link":"https:\/\/emotra.se\/sv\/investerare\/handlingar\/bolagsstammor\/","title":{"rendered":"Bolagsst\u00e4mmor"},"content":{"rendered":"<p><a href=\"https:\/\/emotra.se\/wp-content\/uploads\/2022\/05\/220520-Emotra-Kallelse-till-arsstamma-220621.pdf\">220520 &#8211; Emotra &#8211; Kallelse till \u00e5rsst\u00e4mma 220621<\/a><\/p>\n<p><a href=\"https:\/\/emotra.se\/wp-content\/uploads\/2022\/05\/Emotra-AB-Ordinaries-stamma-220621-Bolagsordning_ny.pdf\">Emotra AB &#8211; Ordinaries st\u00e4mma 220621- Bolagsordning_(ny)<\/a><\/p>\n<p><a href=\"https:\/\/emotra.se\/wp-content\/uploads\/2022\/05\/Emotra-AB-Orinarie-stamma-220621-Forhandsrostningsformular.pdf\">Emotra AB &#8211; Orinarie st\u00e4mma 220621 &#8211; F\u00f6rhandsr\u00f6stningsformul\u00e4r<\/a><\/p>\n<p><a href=\"https:\/\/emotra.se\/wp-content\/uploads\/2022\/05\/Emotra-AB-Ordinarie-stamma-220621-Fullmaktsformular.pdf\">Emotra AB &#8211; Ordinarie st\u00e4mma 220621 &#8211; Fullmaktsformul\u00e4r<\/a><\/p>\n","protected":false},"excerpt":{"rendered":"<p>220520 &#8211; Emotra &#8211; Kallelse till \u00e5rsst\u00e4mma 220621 Emotra AB &#8211; Ordinaries st\u00e4mma 220621- Bolagsordning_(ny) Emotra AB &#8211; Orinarie st\u00e4mma 220621 &#8211; F\u00f6rhandsr\u00f6stningsformul\u00e4r Emotra AB &#8211; Ordinarie st\u00e4mma 220621 &#8211; Fullmaktsformul\u00e4r<\/p>\n","protected":false},"author":2,"featured_media":0,"parent":3393,"menu_order":0,"comment_status":"closed","ping_status":"closed","template":"","meta":{"_acf_changed":false,"_et_pb_use_builder":"","_et_pb_old_content":"","_et_gb_content_width":"","footnotes":""},"acf":[],"yoast_head":"<!-- This site is optimized with the Yoast SEO plugin v22.2 - https:\/\/yoast.com\/wordpress\/plugins\/seo\/ -->\n<title>Bolagsst\u00e4mmor - Emotra<\/title>\n<meta name=\"robots\" content=\"index, follow, max-snippet:-1, max-image-preview:large, max-video-preview:-1\" \/>\n<link rel=\"canonical\" href=\"https:\/\/emotra.se\/sv\/investerare\/handlingar\/bolagsstammor\/\" \/>\n<meta property=\"og:locale\" content=\"sv_SE\" \/>\n<meta property=\"og:type\" content=\"article\" \/>\n<meta property=\"og:title\" content=\"Bolagsst\u00e4mmor - Emotra\" \/>\n<meta property=\"og:description\" content=\"220520 &#8211; Emotra &#8211; Kallelse till \u00e5rsst\u00e4mma 220621 Emotra AB &#8211; Ordinaries st\u00e4mma 220621- Bolagsordning_(ny) Emotra AB &#8211; Orinarie st\u00e4mma 220621 &#8211; F\u00f6rhandsr\u00f6stningsformul\u00e4r Emotra AB &#8211; Ordinarie st\u00e4mma 220621 &#8211; Fullmaktsformul\u00e4r\" \/>\n<meta property=\"og:url\" content=\"https:\/\/emotra.se\/sv\/investerare\/handlingar\/bolagsstammor\/\" \/>\n<meta property=\"og:site_name\" content=\"Emotra\" \/>\n<meta property=\"article:modified_time\" content=\"2025-11-25T13:37:04+00:00\" \/>\n<meta name=\"twitter:card\" content=\"summary_large_image\" \/>\n<meta name=\"twitter:label1\" content=\"Ber\u00e4knad l\u00e4stid\" \/>\n\t<meta name=\"twitter:data1\" content=\"1 minut\" \/>\n<script type=\"application\/ld+json\" class=\"yoast-schema-graph\">{\"@context\":\"https:\/\/schema.org\",\"@graph\":[{\"@type\":\"WebPage\",\"@id\":\"https:\/\/emotra.se\/sv\/investerare\/handlingar\/bolagsstammor\/\",\"url\":\"https:\/\/emotra.se\/sv\/investerare\/handlingar\/bolagsstammor\/\",\"name\":\"Bolagsst\u00e4mmor - Emotra\",\"isPartOf\":{\"@id\":\"https:\/\/emotra.se\/sv\/#website\"},\"datePublished\":\"2021-01-22T10:20:41+00:00\",\"dateModified\":\"2025-11-25T13:37:04+00:00\",\"breadcrumb\":{\"@id\":\"https:\/\/emotra.se\/sv\/investerare\/handlingar\/bolagsstammor\/#breadcrumb\"},\"inLanguage\":\"sv-SE\",\"potentialAction\":[{\"@type\":\"ReadAction\",\"target\":[\"https:\/\/emotra.se\/sv\/investerare\/handlingar\/bolagsstammor\/\"]}]},{\"@type\":\"BreadcrumbList\",\"@id\":\"https:\/\/emotra.se\/sv\/investerare\/handlingar\/bolagsstammor\/#breadcrumb\",\"itemListElement\":[{\"@type\":\"ListItem\",\"position\":1,\"name\":\"Home\",\"item\":\"https:\/\/emotra.se\/sv\/\"},{\"@type\":\"ListItem\",\"position\":2,\"name\":\"F\u00f6r investerare\",\"item\":\"https:\/\/emotra.se\/sv\/investerare\/\"},{\"@type\":\"ListItem\",\"position\":3,\"name\":\"Handlingar\",\"item\":\"https:\/\/emotra.se\/sv\/investerare\/handlingar\/\"},{\"@type\":\"ListItem\",\"position\":4,\"name\":\"Bolagsst\u00e4mmor\"}]},{\"@type\":\"WebSite\",\"@id\":\"https:\/\/emotra.se\/sv\/#website\",\"url\":\"https:\/\/emotra.se\/sv\/\",\"name\":\"Emotra\",\"description\":\"\",\"potentialAction\":[{\"@type\":\"SearchAction\",\"target\":{\"@type\":\"EntryPoint\",\"urlTemplate\":\"https:\/\/emotra.se\/sv\/?s={search_term_string}\"},\"query-input\":\"required name=search_term_string\"}],\"inLanguage\":\"sv-SE\"}]}<\/script>\n<!-- \/ Yoast SEO plugin. -->","yoast_head_json":{"title":"Bolagsst\u00e4mmor - Emotra","robots":{"index":"index","follow":"follow","max-snippet":"max-snippet:-1","max-image-preview":"max-image-preview:large","max-video-preview":"max-video-preview:-1"},"canonical":"https:\/\/emotra.se\/sv\/investerare\/handlingar\/bolagsstammor\/","og_locale":"sv_SE","og_type":"article","og_title":"Bolagsst\u00e4mmor - Emotra","og_description":"220520 &#8211; Emotra &#8211; Kallelse till \u00e5rsst\u00e4mma 220621 Emotra AB &#8211; Ordinaries st\u00e4mma 220621- Bolagsordning_(ny) Emotra AB &#8211; Orinarie st\u00e4mma 220621 &#8211; F\u00f6rhandsr\u00f6stningsformul\u00e4r Emotra AB &#8211; Ordinarie st\u00e4mma 220621 &#8211; Fullmaktsformul\u00e4r","og_url":"https:\/\/emotra.se\/sv\/investerare\/handlingar\/bolagsstammor\/","og_site_name":"Emotra","article_modified_time":"2025-11-25T13:37:04+00:00","twitter_card":"summary_large_image","twitter_misc":{"Ber\u00e4knad l\u00e4stid":"1 minut"},"schema":{"@context":"https:\/\/schema.org","@graph":[{"@type":"WebPage","@id":"https:\/\/emotra.se\/sv\/investerare\/handlingar\/bolagsstammor\/","url":"https:\/\/emotra.se\/sv\/investerare\/handlingar\/bolagsstammor\/","name":"Bolagsst\u00e4mmor - Emotra","isPartOf":{"@id":"https:\/\/emotra.se\/sv\/#website"},"datePublished":"2021-01-22T10:20:41+00:00","dateModified":"2025-11-25T13:37:04+00:00","breadcrumb":{"@id":"https:\/\/emotra.se\/sv\/investerare\/handlingar\/bolagsstammor\/#breadcrumb"},"inLanguage":"sv-SE","potentialAction":[{"@type":"ReadAction","target":["https:\/\/emotra.se\/sv\/investerare\/handlingar\/bolagsstammor\/"]}]},{"@type":"BreadcrumbList","@id":"https:\/\/emotra.se\/sv\/investerare\/handlingar\/bolagsstammor\/#breadcrumb","itemListElement":[{"@type":"ListItem","position":1,"name":"Home","item":"https:\/\/emotra.se\/sv\/"},{"@type":"ListItem","position":2,"name":"F\u00f6r investerare","item":"https:\/\/emotra.se\/sv\/investerare\/"},{"@type":"ListItem","position":3,"name":"Handlingar","item":"https:\/\/emotra.se\/sv\/investerare\/handlingar\/"},{"@type":"ListItem","position":4,"name":"Bolagsst\u00e4mmor"}]},{"@type":"WebSite","@id":"https:\/\/emotra.se\/sv\/#website","url":"https:\/\/emotra.se\/sv\/","name":"Emotra","description":"","potentialAction":[{"@type":"SearchAction","target":{"@type":"EntryPoint","urlTemplate":"https:\/\/emotra.se\/sv\/?s={search_term_string}"},"query-input":"required name=search_term_string"}],"inLanguage":"sv-SE"}]}},"_links":{"self":[{"href":"https:\/\/emotra.se\/sv\/wp-json\/wp\/v2\/pages\/3396"}],"collection":[{"href":"https:\/\/emotra.se\/sv\/wp-json\/wp\/v2\/pages"}],"about":[{"href":"https:\/\/emotra.se\/sv\/wp-json\/wp\/v2\/types\/page"}],"author":[{"embeddable":true,"href":"https:\/\/emotra.se\/sv\/wp-json\/wp\/v2\/users\/2"}],"replies":[{"embeddable":true,"href":"https:\/\/emotra.se\/sv\/wp-json\/wp\/v2\/comments?post=3396"}],"version-history":[{"count":51,"href":"https:\/\/emotra.se\/sv\/wp-json\/wp\/v2\/pages\/3396\/revisions"}],"predecessor-version":[{"id":5850,"href":"https:\/\/emotra.se\/sv\/wp-json\/wp\/v2\/pages\/3396\/revisions\/5850"}],"up":[{"embeddable":true,"href":"https:\/\/emotra.se\/sv\/wp-json\/wp\/v2\/pages\/3393"}],"wp:attachment":[{"href":"https:\/\/emotra.se\/sv\/wp-json\/wp\/v2\/media?parent=3396"}],"curies":[{"name":"wp","href":"https:\/\/api.w.org\/{rel}","templated":true}]}}